{"id":860,"date":"2015-12-19T10:49:02","date_gmt":"2015-12-19T10:49:02","guid":{"rendered":"http:\/\/www.lefrenzconnection.com\/?page_id=860&#038;lang=fr"},"modified":"2015-12-20T12:21:23","modified_gmt":"2015-12-20T12:21:23","slug":"media","status":"publish","type":"page","link":"https:\/\/www.lefrenzconnection.com\/fr\/media\/","title":{"rendered":"M\u00e9dia"},"content":{"rendered":"<p>[et_pb_section admin_label=\u00a0\u00bbsection\u00a0\u00bb][et_pb_row admin_label=\u00a0\u00bbRow\u00a0\u00bb][et_pb_column type=\u00a0\u00bb4_4&Prime;][et_pb_text admin_label=\u00a0\u00bbM\u00e9dia\u00a0\u00bb background_layout=\u00a0\u00bblight\u00a0\u00bb text_orientation=\u00a0\u00bbcenter\u00a0\u00bb text_font_size=\u00a0\u00bb14&Prime; use_border_color=\u00a0\u00bboff\u00a0\u00bb border_color=\u00a0\u00bb#ffffff\u00a0\u00bb border_style=\u00a0\u00bbsolid\u00a0\u00bb]<\/p>\n<h1>M\u00e9dia<\/h1>\n<p>[\/et_pb_text][et_pb_text admin_label=\u00a0\u00bbIntroduction\u00a0\u00bb background_layout=\u00a0\u00bblight\u00a0\u00bb text_orientation=\u00a0\u00bbleft\u00a0\u00bb text_font_size=\u00a0\u00bb14&Prime; use_border_color=\u00a0\u00bboff\u00a0\u00bb border_color=\u00a0\u00bb#ffffff\u00a0\u00bb border_style=\u00a0\u00bbsolid\u00a0\u00bb]<\/p>\n<p>Gr\u00e2ce \u00e0 notre exp\u00e9rience en journalisme et en service m\u00e9dia, nous offrons une gamme de services&#8230;<\/p>\n<p>[\/et_pb_text][\/et_pb_column][\/et_pb_row][et_pb_row admin_label=\u00a0\u00bbrow\u00a0\u00bb][et_pb_column type=\u00a0\u00bb1_2&Prime;][et_pb_image admin_label=\u00a0\u00bbImage\u00a0\u00bb src=\u00a0\u00bbhttp:\/\/www.lefrenzconnection.com\/wp-content\/uploads\/Media-234.jpg\u00a0\u00bb show_in_lightbox=\u00a0\u00bboff\u00a0\u00bb url_new_window=\u00a0\u00bboff\u00a0\u00bb animation=\u00a0\u00bboff\u00a0\u00bb sticky=\u00a0\u00bboff\u00a0\u00bb align=\u00a0\u00bbleft\u00a0\u00bb force_fullwidth=\u00a0\u00bboff\u00a0\u00bb always_center_on_mobile=\u00a0\u00bbon\u00a0\u00bb use_border_color=\u00a0\u00bboff\u00a0\u00bb border_color=\u00a0\u00bb#ffffff\u00a0\u00bb border_style=\u00a0\u00bbsolid\u00a0\u00bb] [\/et_pb_image][\/et_pb_column][et_pb_column type=\u00a0\u00bb1_2&Prime;][et_pb_text admin_label=\u00a0\u00bbOffre\u00a0\u00bb background_layout=\u00a0\u00bblight\u00a0\u00bb text_orientation=\u00a0\u00bbleft\u00a0\u00bb text_font_size=\u00a0\u00bb14&Prime; use_border_color=\u00a0\u00bboff\u00a0\u00bb border_color=\u00a0\u00bb#ffffff\u00a0\u00bb border_style=\u00a0\u00bbsolid\u00a0\u00bb]<\/p>\n\n\t\t<div class='et-custom-list'>\n\t\t\t<ul>\n<li>assistanat de production;<\/li>\n<li>rep\u00e9rage;<\/li>\n<li>interpr\u00e9tation\/traduction;<\/li>\n<li>transport;<\/li>\n<li>logistique.<\/li>\n<\/ul>\n\t\t<\/div><br \/>\n<em><strong>R\u00e9f\u00e9rences:<\/strong> Echapelle Belle (France 5), Maori (Mus\u00e9e du Quai Branly)&#8230;<\/em><\/p>\n<p>&nbsp;<\/p>\n<blockquote><p>N&rsquo;h\u00e9sitez pas \u00e0 <a title=\"Contact\" href=\"http:\/\/www.lefrenzconnection.com\/contact?lang=fr\">nous contacter<\/a> pour toutes informations compl\u00e9mentaires.<\/p><\/blockquote>\n<p>[\/et_pb_text][\/et_pb_column][\/et_pb_row][\/et_pb_section]<\/p>\n","protected":false},"excerpt":{"rendered":"<p>M\u00e9dia Gr\u00e2ce \u00e0 notre exp\u00e9rience en journalisme et en service m\u00e9dia, nous offrons une gamme de services&#8230; \n\t\t<div class='et-custom-list'>\n\t\t\tassistanat de production; rep\u00e9rage; interpr\u00e9tation\/traduction; transport; logistique.\n\t\t<\/div> R\u00e9f\u00e9rences: Echapelle Belle (France 5), Maori (Mus\u00e9e du Quai Branly)&#8230; &nbsp; N&rsquo;h\u00e9sitez pas \u00e0 nous contacter pour toutes informations compl\u00e9mentaires.<\/p>\n","protected":false},"author":1,"featured_media":0,"parent":0,"menu_order":1,"comment_status":"open","ping_status":"closed","template":"","meta":{"_et_pb_use_builder":"on","_et_pb_old_content":"","_et_gb_content_width":"","footnotes":""},"class_list":["post-860","page","type-page","status-publish","hentry"],"_links":{"self":[{"href":"https:\/\/www.lefrenzconnection.com\/fr\/wp-json\/wp\/v2\/pages\/860","targetHints":{"allow":["GET"]}}],"collection":[{"href":"https:\/\/www.lefrenzconnection.com\/fr\/wp-json\/wp\/v2\/pages"}],"about":[{"href":"https:\/\/www.lefrenzconnection.com\/fr\/wp-json\/wp\/v2\/types\/page"}],"author":[{"embeddable":true,"href":"https:\/\/www.lefrenzconnection.com\/fr\/wp-json\/wp\/v2\/users\/1"}],"replies":[{"embeddable":true,"href":"https:\/\/www.lefrenzconnection.com\/fr\/wp-json\/wp\/v2\/comments?post=860"}],"version-history":[{"count":6,"href":"https:\/\/www.lefrenzconnection.com\/fr\/wp-json\/wp\/v2\/pages\/860\/revisions"}],"predecessor-version":[{"id":958,"href":"https:\/\/www.lefrenzconnection.com\/fr\/wp-json\/wp\/v2\/pages\/860\/revisions\/958"}],"wp:attachment":[{"href":"https:\/\/www.lefrenzconnection.com\/fr\/wp-json\/wp\/v2\/media?parent=860"}],"curies":[{"name":"wp","href":"https:\/\/api.w.org\/{rel}","templated":true}]}}