{"id":848,"date":"2015-12-19T10:31:15","date_gmt":"2015-12-19T10:31:15","guid":{"rendered":"http:\/\/www.lefrenzconnection.com\/?page_id=848&#038;lang=fr"},"modified":"2022-10-05T07:54:05","modified_gmt":"2022-10-05T07:54:05","slug":"decouvrir-les-circuits","status":"publish","type":"page","link":"https:\/\/www.lefrenzconnection.com\/fr\/decouvrir-les-circuits\/","title":{"rendered":"D\u00e9couvrir les circuits"},"content":{"rendered":"<p>[et_pb_section fb_built=\u00a0\u00bb1&Prime; admin_label=\u00a0\u00bbsection\u00a0\u00bb _builder_version=\u00a0\u00bb4.16&Prime; global_colors_info=\u00a0\u00bb{}\u00a0\u00bb][et_pb_row admin_label=\u00a0\u00bbrow\u00a0\u00bb _builder_version=\u00a0\u00bb4.16&Prime; background_size=\u00a0\u00bbinitial\u00a0\u00bb background_position=\u00a0\u00bbtop_left\u00a0\u00bb background_repeat=\u00a0\u00bbrepeat\u00a0\u00bb global_colors_info=\u00a0\u00bb{}\u00a0\u00bb][et_pb_column type=\u00a0\u00bb4_4&Prime; _builder_version=\u00a0\u00bb4.16&Prime; custom_padding=\u00a0\u00bb|||\u00a0\u00bb global_colors_info=\u00a0\u00bb{}\u00a0\u00bb custom_padding__hover=\u00a0\u00bb|||\u00a0\u00bb][et_pb_text admin_label=\u00a0\u00bbCircuits\u00a0\u00bb _builder_version=\u00a0\u00bb4.16&Prime; background_size=\u00a0\u00bbinitial\u00a0\u00bb background_position=\u00a0\u00bbtop_left\u00a0\u00bb background_repeat=\u00a0\u00bbrepeat\u00a0\u00bb text_orientation=\u00a0\u00bbcenter\u00a0\u00bb module_alignment=\u00a0\u00bbcenter\u00a0\u00bb use_border_color=\u00a0\u00bboff\u00a0\u00bb border_color=\u00a0\u00bb#ffffff\u00a0\u00bb border_style=\u00a0\u00bbsolid\u00a0\u00bb global_colors_info=\u00a0\u00bb{}\u00a0\u00bb]<\/p>\n<h1>Circuits<\/h1>\n<p>[\/et_pb_text][et_pb_text admin_label=\u00a0\u00bbIntroduction\u00a0\u00bb _builder_version=\u00a0\u00bb4.16&Prime; background_size=\u00a0\u00bbinitial\u00a0\u00bb background_position=\u00a0\u00bbtop_left\u00a0\u00bb background_repeat=\u00a0\u00bbrepeat\u00a0\u00bb use_border_color=\u00a0\u00bboff\u00a0\u00bb border_color=\u00a0\u00bb#ffffff\u00a0\u00bb border_style=\u00a0\u00bbsolid\u00a0\u00bb global_colors_info=\u00a0\u00bb{}\u00a0\u00bb]<\/p>\n<p>\nNous vous proposons deux circuits guid\u00e9s en petits groupes en demi-pension.<\/p>\n<p>[\/et_pb_text][\/et_pb_column][\/et_pb_row][et_pb_row column_structure=\u00a0\u00bb1_2,1_2&Prime; admin_label=\u00a0\u00bbRow\u00a0\u00bb _builder_version=\u00a0\u00bb4.16&Prime; background_size=\u00a0\u00bbinitial\u00a0\u00bb background_position=\u00a0\u00bbtop_left\u00a0\u00bb background_repeat=\u00a0\u00bbrepeat\u00a0\u00bb global_colors_info=\u00a0\u00bb{}\u00a0\u00bb][et_pb_column type=\u00a0\u00bb1_2&Prime; _builder_version=\u00a0\u00bb4.16&Prime; custom_padding=\u00a0\u00bb|||\u00a0\u00bb global_colors_info=\u00a0\u00bb{}\u00a0\u00bb custom_padding__hover=\u00a0\u00bb|||\u00a0\u00bb][et_pb_text admin_label=\u00a0\u00bbTitre circuit %22Nature D\u00e9tente%22&Prime; _builder_version=\u00a0\u00bb4.16&Prime; background_size=\u00a0\u00bbinitial\u00a0\u00bb background_position=\u00a0\u00bbtop_left\u00a0\u00bb background_repeat=\u00a0\u00bbrepeat\u00a0\u00bb use_border_color=\u00a0\u00bboff\u00a0\u00bb border_color=\u00a0\u00bb#ffffff\u00a0\u00bb border_style=\u00a0\u00bbsolid\u00a0\u00bb global_colors_info=\u00a0\u00bb{}\u00a0\u00bb]<\/p>\n<h3>Circuit \u00ab\u00a0Nature D\u00e9tente\u00a0\u00bb (14 jours)<\/h3>\n<p>Visitez les deux \u00eeles (\u00eele fulminante et \u00eele de jade) et parter \u00e0 la d\u00e9couverte d&rsquo;un monde de beaut\u00e9 et de contrastes !<\/p>\n<p>[\/et_pb_text][et_pb_text admin_label=\u00a0\u00bbCircuit %22Nature D\u00e9tente%22&Prime; _builder_version=\u00a0\u00bb4.18.0&Prime; background_size=\u00a0\u00bbinitial\u00a0\u00bb background_position=\u00a0\u00bbtop_left\u00a0\u00bb background_repeat=\u00a0\u00bbrepeat\u00a0\u00bb hover_enabled=\u00a0\u00bb0&Prime; use_border_color=\u00a0\u00bboff\u00a0\u00bb border_color=\u00a0\u00bb#ffffff\u00a0\u00bb border_style=\u00a0\u00bbsolid\u00a0\u00bb global_colors_info=\u00a0\u00bb{}\u00a0\u00bb sticky_enabled=\u00a0\u00bb0&Prime;]<\/p>\n\n\t\t<div class='et-custom-list'>\n\t\t\t<ul>\n<li>D\u00e9gustez une cuisine innovante et savoureuse et ainsi que les merveilleux vins n\u00e9oz\u00e9landais;<\/li>\n<li>Passez vos nuits dans des h\u00e9bergements charmants et confortables;<\/li>\n<li>Allez \u00e0 la rencontres avec les gens du pays;<\/li>\n<li>Partez en petites balades en foret et en excursions en bateau;<\/li>\n<li>Observer les otaries \u00e0 fourrure, les petits manchots, les baleines et les dauphins;<\/li>\n<li>Visitez une ferme de moutons<\/li>\n<li>Vivez l&rsquo;ambiance \u00e0 la n\u00e9o-z\u00e9landaise&#8230;amicale et sans soucis.<\/li>\n<\/ul>\n\t\t<\/div><a href='https:\/\/www.lefrenzconnection.com\/wp-content\/uploads\/tours\/Nature_Detente_2023.pdf' class='big-button bigblue' target=\"_blank\">T\u00e9l\u00e9charger la brochure du circuit \u00ab\u00a0Nature D\u00e9tente\u00a0\u00bb<\/a><\/p>\n<p>[\/et_pb_text][\/et_pb_column][et_pb_column type=\u00a0\u00bb1_2&Prime; _builder_version=\u00a0\u00bb4.16&Prime; custom_padding=\u00a0\u00bb|||\u00a0\u00bb global_colors_info=\u00a0\u00bb{}\u00a0\u00bb custom_padding__hover=\u00a0\u00bb|||\u00a0\u00bb][et_pb_text admin_label=\u00a0\u00bbTitre circuit %22Oxyg\u00e8ne Plus%22&Prime; _builder_version=\u00a0\u00bb4.16&Prime; background_size=\u00a0\u00bbinitial\u00a0\u00bb background_position=\u00a0\u00bbtop_left\u00a0\u00bb background_repeat=\u00a0\u00bbrepeat\u00a0\u00bb use_border_color=\u00a0\u00bboff\u00a0\u00bb border_color=\u00a0\u00bb#ffffff\u00a0\u00bb border_style=\u00a0\u00bbsolid\u00a0\u00bb global_colors_info=\u00a0\u00bb{}\u00a0\u00bb]<\/p>\n<h3>Circuit \u00ab\u00a0Oxyg\u00e8ne Plus\u00a0\u00bb (14 jours)<\/h3>\n<p>Partez \u00e0 la d\u00e9couverte de l&rsquo;\u00eele du sud (\u00eele de jade) et de ses grands espaces&#8230;<\/p>\n<p>[\/et_pb_text][et_pb_text admin_label=\u00a0\u00bbCircuit %22Oxyg\u00e8ne Plus%22&Prime; _builder_version=\u00a0\u00bb4.18.0&Prime; background_size=\u00a0\u00bbinitial\u00a0\u00bb background_position=\u00a0\u00bbtop_left\u00a0\u00bb background_repeat=\u00a0\u00bbrepeat\u00a0\u00bb hover_enabled=\u00a0\u00bb0&Prime; use_border_color=\u00a0\u00bboff\u00a0\u00bb border_color=\u00a0\u00bb#ffffff\u00a0\u00bb border_style=\u00a0\u00bbsolid\u00a0\u00bb global_colors_info=\u00a0\u00bb{}\u00a0\u00bb sticky_enabled=\u00a0\u00bb0&Prime;]<\/p>\n\n\t\t<div class='et-custom-list'>\n\t\t\t<ul>\n<li>Vivez l&rsquo;aventure \u00e0 sac \u00e0 dos;<\/li>\n<li>Promenez-vous \u00e0 travers cette \u00eele f\u00e9erique \u00e0 pied, \u00e0 v\u00e9lo, \u00e0 cheval&#8230;;<\/li>\n<li>Randonnez dans les for\u00eats luxuriantes, les montagnes et les lacs et \u00e0 travers le paysage du Seigneur des Anneaux<\/li>\n<li>Nagez avec les dauphins;<\/li>\n<li>Visitez une ferme de moutons;<\/li>\n<li>Lancez-vous dans le surf de l&rsquo;oc\u00e9an Pacifique en bogie board;<\/li>\n<li>Longez la plage d\u00e9sertique \u00e0 cheval;<\/li>\n<li>Prenez \u00e0 v\u00e9lo l&rsquo;ancien chemin des maoris \u00e0 la recherche du pounamu (jade);<\/li>\n<li>allez \u00e0 la rencontre des baleines, des manchots et des otaries \u00e0 fourrure.<\/li>\n<\/ul>\n\t\t<\/div><br \/><a href='https:\/\/www.lefrenzconnection.com\/wp-content\/uploads\/tours\/Oxygene_Plus_2023.pdf' class='big-button bigblue' target=\"_blank\">T\u00e9l\u00e9charger la brochure du circuit \u00ab\u00a0Oxyg\u00e8ne Plus\u00a0\u00bb<\/a><\/p>\n<p>[\/et_pb_text][\/et_pb_column][\/et_pb_row][\/et_pb_section]<\/p>\n","protected":false},"excerpt":{"rendered":"<p>Circuits Nous vous proposons deux circuits guid\u00e9s en petits groupes en demi-pension. Circuit \u00ab\u00a0Nature D\u00e9tente\u00a0\u00bb (14 jours) Visitez les deux \u00eeles (\u00eele fulminante et \u00eele de jade) et parter \u00e0 la d\u00e9couverte d&rsquo;un monde de beaut\u00e9 et de contrastes ! \n\t\t<div class='et-custom-list'>\n\t\t\t\n\t\t<\/div> D\u00e9gustez une cuisine innovante et savoureuse et ainsi que les merveilleux vins n\u00e9oz\u00e9landais; Passez [&hellip;]<\/p>\n","protected":false},"author":1,"featured_media":0,"parent":0,"menu_order":0,"comment_status":"open","ping_status":"closed","template":"","meta":{"_et_pb_use_builder":"on","_et_pb_old_content":"[et_pb_section admin_label=\"section\"][et_pb_row admin_label=\"row\"][et_pb_column type=\"4_4\"][et_pb_text admin_label=\"Inroad Tours\" background_layout=\"light\" text_orientation=\"center\" text_font_size=\"14\" use_border_color=\"off\" border_color=\"#ffffff\" border_style=\"solid\"]\r\n<h1>Inroad Tours<\/h1>\r\n[\/et_pb_text][et_pb_text admin_label=\"Introduction\" background_layout=\"light\" text_orientation=\"left\" text_font_size=\"14\" use_border_color=\"off\" border_color=\"#ffffff\" border_style=\"solid\" disabled=\"on\"]\r\n\r\nWe currently offer three unique tours :\r\n\r\n[custom_list type=\"check\"]\r\n<ul>\r\n\t<li>Inroads to the French Alps;<\/li>\r\n\t<li>Inroads to the South of France;<\/li>\r\n\t<li>Inroads to Corsica.<\/li>\r\n<\/ul>\r\n[\/custom_list] [\/et_pb_text][et_pb_pricing_tables admin_label=\"Pricing Tables of inroads\" show_bullet=\"on\" center_list_items=\"off\" header_font_size=\"22\" subheader_font_size=\"16\" price_font_size=\"80\" use_border_color=\"off\" border_color=\"#ffffff\" border_style=\"solid\" custom_button=\"off\" button_text_size=\"20\" button_border_width=\"2\" button_border_radius=\"3\" button_letter_spacing=\"0\" button_use_icon=\"default\" button_icon_placement=\"right\" button_on_hover=\"on\" button_border_radius_hover=\"3\" button_letter_spacing_hover=\"0\" remove_featured_drop_shadow=\"off\"] [et_pb_pricing_table featured=\"off\" title=\"Inroads to the French Alps\" sum=\"3250\" button_url=\"http:\/\/www.lefrenzconnection.com\/?page_id=450\" button_text=\"Pre-book\" header_font_select=\"default\" subheader_font_select=\"default\" currency_frequency_font_select=\"default\" price_font_select=\"default\" body_font_select=\"default\" custom_button=\"off\" button_font_select=\"default\" button_use_icon=\"default\" button_icon_placement=\"right\" button_on_hover=\"on\" currency=\"$\"]\r\n\r\n<a href=\"http:\/\/www.lefrenzconnection.com\/wp-content\/uploads\/tours\/alps_2016.pdf\">Download the details of the tour (PDF)<\/a>\r\n8 day accompanied tours for 4-8 people\r\nDepartures every Saturday from May to July and September to mid-October\r\nAus $2510 pp \/ NZ $3250 pp (twin share)\r\n\r\n[\/et_pb_pricing_table][et_pb_pricing_table featured=\"on\" title=\"Inroads to Corsica\" sum=\"3890\" button_url=\"http:\/\/www.lefrenzconnection.com\/?page_id=450\" button_text=\"Pre-book\" header_font_select=\"default\" subheader_font_select=\"default\" currency_frequency_font_select=\"default\" price_font_select=\"default\" body_font_select=\"default\" custom_button=\"off\" button_font_select=\"default\" button_use_icon=\"default\" button_icon_placement=\"right\" button_on_hover=\"on\" currency=\"$\"]\r\n\r\n<a title=\"Corsica\" href=\"http:\/\/www.lefrenzconnection.com\/wp-content\/uploads\/tours\/corsica_2016.pdf\" target=\"_blank\">Download the details of the tour (PDF)<\/a>\r\n10 nights accommodation\r\nDepartures early June and October\r\nNZ $3890 pp (twin share)\r\n\r\n[\/et_pb_pricing_table][et_pb_pricing_table featured=\"off\" title=\"Inroads to the South of France\" sum=\"3250\" button_url=\"http:\/\/www.lefrenzconnection.com\/?page_id=450\" button_text=\"Pre-book\" header_font_select=\"default\" subheader_font_select=\"default\" currency_frequency_font_select=\"default\" price_font_select=\"default\" body_font_select=\"default\" custom_button=\"off\" button_font_select=\"default\" button_use_icon=\"default\" button_icon_placement=\"right\" button_on_hover=\"on\" currency=\"$\"]\r\n\r\n<a title=\"To the south of France\" href=\"http:\/\/www.lefrenzconnection.com\/wp-content\/uploads\/tours\/southfrance_2016.pdf\" target=\"_blank\">Download the details of the tour (PDF)<\/a>\r\n8 day accompanied tours for 4-8 people\r\nDepartures every Saturday from May to July and September to mid-October\r\nAus $2510 pp \/ NZ $3250 pp (twin share)\r\n\r\n[\/et_pb_pricing_table] [\/et_pb_pricing_tables][\/et_pb_column][\/et_pb_row][\/et_pb_section]","_et_gb_content_width":"","footnotes":""},"class_list":["post-848","page","type-page","status-publish","hentry"],"_links":{"self":[{"href":"https:\/\/www.lefrenzconnection.com\/fr\/wp-json\/wp\/v2\/pages\/848","targetHints":{"allow":["GET"]}}],"collection":[{"href":"https:\/\/www.lefrenzconnection.com\/fr\/wp-json\/wp\/v2\/pages"}],"about":[{"href":"https:\/\/www.lefrenzconnection.com\/fr\/wp-json\/wp\/v2\/types\/page"}],"author":[{"embeddable":true,"href":"https:\/\/www.lefrenzconnection.com\/fr\/wp-json\/wp\/v2\/users\/1"}],"replies":[{"embeddable":true,"href":"https:\/\/www.lefrenzconnection.com\/fr\/wp-json\/wp\/v2\/comments?post=848"}],"version-history":[{"count":11,"href":"https:\/\/www.lefrenzconnection.com\/fr\/wp-json\/wp\/v2\/pages\/848\/revisions"}],"predecessor-version":[{"id":1221,"href":"https:\/\/www.lefrenzconnection.com\/fr\/wp-json\/wp\/v2\/pages\/848\/revisions\/1221"}],"wp:attachment":[{"href":"https:\/\/www.lefrenzconnection.com\/fr\/wp-json\/wp\/v2\/media?parent=848"}],"curies":[{"name":"wp","href":"https:\/\/api.w.org\/{rel}","templated":true}]}}